{"id":75,"date":"2021-04-03T21:48:47","date_gmt":"2021-04-03T21:48:47","guid":{"rendered":"https:\/\/freetime-live.de\/?page_id=75"},"modified":"2021-04-13T13:44:03","modified_gmt":"2021-04-13T13:44:03","slug":"technik","status":"publish","type":"page","link":"https:\/\/freetime-live.de\/?page_id=75","title":{"rendered":"Technik"},"content":{"rendered":"\n<p>Damit unsere live-Show f\u00fcr Sie und uns perfekt \u201e\u00fcber die B\u00fchne\u201c l\u00e4uft, muss nat\u00fcrlich auch die Technik stimmen.<\/p>\n\n\n\n<p>FREETIME verf\u00fcgt \u00fcber eine ausreichende PA- und Monitor-Anlage und kann problemlos ein Open-Air bis ca. 2000 G\u00e4ste, und gr\u00f6\u00dfere Hallen bis ca. 3000 G\u00e4ste mit sehr gutem Sound beschallen. Auf gesondertem Wunsch kann dies auch vergr\u00f6\u00dfert werden.<br>Die Lightshow wird live, passend zur Musik bedient, und reicht aus eine ca. 10mx6m gro\u00dfe B\u00fchne mit Licht zu versorgen. Allerdings kann FREETIME auch auf kleinere Veranstaltungen ab ca. 50 G\u00e4ste alles problemlos \u201edrosseln\u201c, und dementsprechend die Anlage verkleinern. Eine gewisse Grundlautst\u00e4rke kann nat\u00fcrlich nicht unterboten werden.<\/p>\n\n\n\n<p>Bei verschiedene Veranstaltungen werden Mikros gebraucht und\/oder es muss Musik f\u00fcr Vorf\u00fchrungen abgespielt werden. Mikros stellen wir gerne zur Verf\u00fcgung, und es kann auch problemlos alles an unseren Mischpulten angeschlossen werden, sei es Laptop, Tablet, USB-Stick, Handy, MP3-Player oder CD-Player.<\/p>\n","protected":false},"excerpt":{"rendered":"<p>Damit unsere live-Show f\u00fcr Sie und uns perfekt \u201e\u00fcber die B\u00fchne\u201c l\u00e4uft, muss nat\u00fcrlich auch die Technik stimmen. FREETIME verf\u00fcgt \u00fcber eine ausreichende PA- und Monitor-Anlage und kann problemlos ein Open-Air bis ca. 2000 G\u00e4ste, und gr\u00f6\u00dfere Hallen bis ca. 3000 G\u00e4ste mit sehr gutem Sound beschallen. Auf gesondertem Wunsch kann dies auch vergr\u00f6\u00dfert werden.Die [&hellip;]<\/p>\n","protected":false},"author":1,"featured_media":0,"parent":0,"menu_order":2,"comment_status":"closed","ping_status":"closed","template":"","meta":{"ngg_post_thumbnail":0,"footnotes":""},"class_list":["post-75","page","type-page","status-publish","hentry"],"_links":{"self":[{"href":"https:\/\/freetime-live.de\/index.php?rest_route=\/wp\/v2\/pages\/75","targetHints":{"allow":["GET"]}}],"collection":[{"href":"https:\/\/freetime-live.de\/index.php?rest_route=\/wp\/v2\/pages"}],"about":[{"href":"https:\/\/freetime-live.de\/index.php?rest_route=\/wp\/v2\/types\/page"}],"author":[{"embeddable":true,"href":"https:\/\/freetime-live.de\/index.php?rest_route=\/wp\/v2\/users\/1"}],"replies":[{"embeddable":true,"href":"https:\/\/freetime-live.de\/index.php?rest_route=%2Fwp%2Fv2%2Fcomments&post=75"}],"version-history":[{"count":3,"href":"https:\/\/freetime-live.de\/index.php?rest_route=\/wp\/v2\/pages\/75\/revisions"}],"predecessor-version":[{"id":127,"href":"https:\/\/freetime-live.de\/index.php?rest_route=\/wp\/v2\/pages\/75\/revisions\/127"}],"wp:attachment":[{"href":"https:\/\/freetime-live.de\/index.php?rest_route=%2Fwp%2Fv2%2Fmedia&parent=75"}],"curies":[{"name":"wp","href":"https:\/\/api.w.org\/{rel}","templated":true}]}}