{"id":52,"date":"2021-04-03T21:38:20","date_gmt":"2021-04-03T21:38:20","guid":{"rendered":"https:\/\/freetime-live.de\/?page_id=52"},"modified":"2021-04-13T13:15:48","modified_gmt":"2021-04-13T13:15:48","slug":"roland","status":"publish","type":"page","link":"https:\/\/freetime-live.de\/?page_id=52","title":{"rendered":"Roland"},"content":{"rendered":"\n<figure class=\"wp-block-gallery columns-2 is-cropped wp-block-gallery-1 is-layout-flex wp-block-gallery-is-layout-flex\"><ul class=\"blocks-gallery-grid\"><li class=\"blocks-gallery-item\"><figure><img loading=\"lazy\" decoding=\"async\" width=\"682\" height=\"1024\" src=\"https:\/\/freetime-live.de\/wp-content\/uploads\/2021\/04\/Roland_1-682x1024.jpg\" alt=\"\" data-id=\"53\" data-full-url=\"https:\/\/freetime-live.de\/wp-content\/uploads\/2021\/04\/Roland_1.jpg\" data-link=\"https:\/\/freetime-live.de\/?attachment_id=53\" class=\"wp-image-53\" srcset=\"https:\/\/freetime-live.de\/wp-content\/uploads\/2021\/04\/Roland_1-682x1024.jpg 682w, https:\/\/freetime-live.de\/wp-content\/uploads\/2021\/04\/Roland_1-200x300.jpg 200w, https:\/\/freetime-live.de\/wp-content\/uploads\/2021\/04\/Roland_1-768x1153.jpg 768w, https:\/\/freetime-live.de\/wp-content\/uploads\/2021\/04\/Roland_1-1023x1536.jpg 1023w, https:\/\/freetime-live.de\/wp-content\/uploads\/2021\/04\/Roland_1.jpg 1066w\" sizes=\"auto, (max-width: 682px) 100vw, 682px\" \/><\/figure><\/li><li class=\"blocks-gallery-item\"><figure><img loading=\"lazy\" decoding=\"async\" width=\"682\" height=\"1024\" src=\"https:\/\/freetime-live.de\/wp-content\/uploads\/2021\/04\/Roland_3-682x1024.jpg\" alt=\"\" data-id=\"55\" data-full-url=\"https:\/\/freetime-live.de\/wp-content\/uploads\/2021\/04\/Roland_3.jpg\" data-link=\"https:\/\/freetime-live.de\/?attachment_id=55\" class=\"wp-image-55\" srcset=\"https:\/\/freetime-live.de\/wp-content\/uploads\/2021\/04\/Roland_3-682x1024.jpg 682w, https:\/\/freetime-live.de\/wp-content\/uploads\/2021\/04\/Roland_3-200x300.jpg 200w, https:\/\/freetime-live.de\/wp-content\/uploads\/2021\/04\/Roland_3-768x1153.jpg 768w, https:\/\/freetime-live.de\/wp-content\/uploads\/2021\/04\/Roland_3-1023x1536.jpg 1023w, https:\/\/freetime-live.de\/wp-content\/uploads\/2021\/04\/Roland_3.jpg 1066w\" sizes=\"auto, (max-width: 682px) 100vw, 682px\" \/><\/figure><\/li><li class=\"blocks-gallery-item\"><figure><img loading=\"lazy\" decoding=\"async\" width=\"1024\" height=\"576\" src=\"https:\/\/freetime-live.de\/wp-content\/uploads\/2021\/04\/Roland_2-1024x576.jpg\" alt=\"\" data-id=\"54\" data-full-url=\"https:\/\/freetime-live.de\/wp-content\/uploads\/2021\/04\/Roland_2.jpg\" data-link=\"https:\/\/freetime-live.de\/?attachment_id=54\" class=\"wp-image-54\" srcset=\"https:\/\/freetime-live.de\/wp-content\/uploads\/2021\/04\/Roland_2-1024x576.jpg 1024w, https:\/\/freetime-live.de\/wp-content\/uploads\/2021\/04\/Roland_2-300x169.jpg 300w, https:\/\/freetime-live.de\/wp-content\/uploads\/2021\/04\/Roland_2-768x432.jpg 768w, https:\/\/freetime-live.de\/wp-content\/uploads\/2021\/04\/Roland_2-1536x864.jpg 1536w, https:\/\/freetime-live.de\/wp-content\/uploads\/2021\/04\/Roland_2.jpg 1600w\" sizes=\"auto, (max-width: 1024px) 100vw, 1024px\" \/><\/figure><\/li><\/ul><\/figure>\n\n\n\n<p class=\"has-text-align-center\"><strong><em><u>Ein Basser der passt<\/u><\/em><\/strong><\/p>\n\n\n\n<p class=\"has-text-align-center\">Geiler Groove, geile Bassl\u00e4ufe, geiles Auftreten. Ein Typ, den MUSS man einfach m\u00f6gen. <br>Steht seit zig Jahren auf der B\u00fchne, bringt dadurch sehr viel Erfahrung mit, und mit ihm kann man Pferde stehlen.<br> Auch bei organisatorischen Sachen ist er immer voll dabei. <br>Was soll man sagen \u2013 ein Basser, der einfach passt.<\/p>\n","protected":false},"excerpt":{"rendered":"<p>Ein Basser der passt Geiler Groove, geile Bassl\u00e4ufe, geiles Auftreten. Ein Typ, den MUSS man einfach m\u00f6gen. Steht seit zig Jahren auf der B\u00fchne, bringt dadurch sehr viel Erfahrung mit, und mit ihm kann man Pferde stehlen. Auch bei organisatorischen Sachen ist er immer voll dabei. Was soll man sagen \u2013 ein Basser, der einfach [&hellip;]<\/p>\n","protected":false},"author":1,"featured_media":0,"parent":25,"menu_order":5,"comment_status":"closed","ping_status":"closed","template":"","meta":{"ngg_post_thumbnail":0,"footnotes":""},"class_list":["post-52","page","type-page","status-publish","hentry"],"_links":{"self":[{"href":"https:\/\/freetime-live.de\/index.php?rest_route=\/wp\/v2\/pages\/52","targetHints":{"allow":["GET"]}}],"collection":[{"href":"https:\/\/freetime-live.de\/index.php?rest_route=\/wp\/v2\/pages"}],"about":[{"href":"https:\/\/freetime-live.de\/index.php?rest_route=\/wp\/v2\/types\/page"}],"author":[{"embeddable":true,"href":"https:\/\/freetime-live.de\/index.php?rest_route=\/wp\/v2\/users\/1"}],"replies":[{"embeddable":true,"href":"https:\/\/freetime-live.de\/index.php?rest_route=%2Fwp%2Fv2%2Fcomments&post=52"}],"version-history":[{"count":4,"href":"https:\/\/freetime-live.de\/index.php?rest_route=\/wp\/v2\/pages\/52\/revisions"}],"predecessor-version":[{"id":121,"href":"https:\/\/freetime-live.de\/index.php?rest_route=\/wp\/v2\/pages\/52\/revisions\/121"}],"up":[{"embeddable":true,"href":"https:\/\/freetime-live.de\/index.php?rest_route=\/wp\/v2\/pages\/25"}],"wp:attachment":[{"href":"https:\/\/freetime-live.de\/index.php?rest_route=%2Fwp%2Fv2%2Fmedia&parent=52"}],"curies":[{"name":"wp","href":"https:\/\/api.w.org\/{rel}","templated":true}]}}